{"id":70741,"date":"2015-11-25T12:11:24","date_gmt":"2015-11-25T12:11:24","guid":{"rendered":"http:\/\/factory.commercegurus.com\/?page_id=70741"},"modified":"2021-02-02T08:51:23","modified_gmt":"2021-02-02T08:51:23","slug":"teklif-isteyin","status":"publish","type":"page","link":"http:\/\/www.watsokimya.net\/index.php\/teklif-isteyin\/","title":{"rendered":"Teklif \u0130steyin !"},"content":{"rendered":"<p>[vc_row type=&#8221;container&#8221; padding_top=&#8221;&#8221; padding_bottom=&#8221;&#8221; css=&#8221;.vc_custom_1451759148890{margin-top: 30px !important;margin-bottom: 60px !important;}&#8221;][vc_column width=&#8221;2\/3&#8243;][vc_column_text]<\/p>\n<h3>Just fill out this quick form<\/h3>\n<p>[\/vc_column_text]<div role=\"form\" class=\"wpcf7\" id=\"wpcf7-f70744-o1\" lang=\"en-US\" dir=\"ltr\">\n<div class=\"screen-reader-response\"><p role=\"status\" aria-live=\"polite\" aria-atomic=\"true\"><\/p> <ul><\/ul><\/div>\n<form action=\"\/index.php\/wp-json\/wp\/v2\/pages\/70741#wpcf7-f70744-o1\" method=\"post\" class=\"wpcf7-form init\" novalidate=\"novalidate\" data-status=\"init\">\n<div style=\"display: none;\">\n<input type=\"hidden\" name=\"_wpcf7\" value=\"70744\" \/>\n<input type=\"hidden\" name=\"_wpcf7_version\" value=\"5.3.2\" \/>\n<input type=\"hidden\" name=\"_wpcf7_locale\" value=\"en_US\" \/>\n<input type=\"hidden\" name=\"_wpcf7_unit_tag\" value=\"wpcf7-f70744-o1\" \/>\n<input type=\"hidden\" name=\"_wpcf7_container_post\" value=\"0\" \/>\n<input type=\"hidden\" name=\"_wpcf7_posted_data_hash\" value=\"\" \/>\n<\/div>\n<div class=\"row\">\n<div class=\"col-lg-6 col-md-6\">\n<p>Ad\u0131n\u0131z<br \/>\n    <span class=\"wpcf7-form-control-wrap your-name\"><input type=\"text\" name=\"your-name\" value=\"\" size=\"40\" class=\"wpcf7-form-control wpcf7-text wpcf7-validates-as-required\" aria-required=\"true\" aria-invalid=\"false\" \/><\/span> <\/p>\n<p>E-mail Adresiniz <br \/>\n    <span class=\"wpcf7-form-control-wrap your-email\"><input type=\"email\" name=\"your-email\" value=\"\" size=\"40\" class=\"wpcf7-form-control wpcf7-text wpcf7-email wpcf7-validates-as-required wpcf7-validates-as-email\" aria-required=\"true\" aria-invalid=\"false\" \/><\/span> <\/p>\n<p>Telefon Numaran\u0131z<br \/>\n<span class=\"wpcf7-form-control-wrap your-phone\"><input type=\"tel\" name=\"your-phone\" value=\"\" size=\"40\" class=\"wpcf7-form-control wpcf7-text wpcf7-tel wpcf7-validates-as-tel\" aria-invalid=\"false\" \/><\/span><\/p>\n<p>\u015eirket Ad\u0131<br \/>\n    <span class=\"wpcf7-form-control-wrap company-name\"><input type=\"text\" name=\"company-name\" value=\"\" size=\"40\" class=\"wpcf7-form-control wpcf7-text\" aria-invalid=\"false\" \/><\/span> <\/p>\n<\/div>\n<div class=\"col-lg-6 col-md-6\">\n<p>Proje Ad\u0131<br \/>\n    <span class=\"wpcf7-form-control-wrap project-title\"><input type=\"text\" name=\"project-title\" value=\"\" size=\"40\" class=\"wpcf7-form-control wpcf7-text\" aria-invalid=\"false\" \/><\/span> <\/p>\n<p>Mesaj<br \/>\n    <span class=\"wpcf7-form-control-wrap your-requirements\"><textarea name=\"your-requirements\" cols=\"40\" rows=\"10\" class=\"wpcf7-form-control wpcf7-textarea\" aria-invalid=\"false\"><\/textarea><\/span> <\/p>\n<\/div>\n<\/div>\n<p><input type=\"submit\" value=\"G\u00f6nder\" class=\"wpcf7-form-control wpcf7-submit\" \/><\/p>\n<div class=\"wpcf7-response-output\" aria-hidden=\"true\"><\/div><\/form><\/div>[\/vc_column][vc_column width=&#8221;1\/3&#8243; el_class=&#8221;.pl-40&#8243;][vc_column_text]<\/p>\n<h3>\u0130\u015f Plan\u0131<\/h3>\n<p>[\/vc_column_text][vc_separator color=&#8221;#e2e2e2&#8243; type=&#8221;normal&#8221; thickness=&#8221;1&#8243; up=&#8221;&#8221; down=&#8221;18&#8243;][vc_column_text css_animation=&#8221;bottom-to-top&#8221; css=&#8221;.vc_custom_1612255647853{margin-bottom: 20px !important;}&#8221;]<\/p>\n<p class=\"with-icon\"><i class=\"ion-ios-telephone-outline\"><\/i> \u0130\u015f dan\u0131\u015fmanlar\u0131m\u0131zdan birinden telefon g\u00f6r\u00fc\u015fmesi<\/p>\n<p>[\/vc_column_text][vc_separator color=&#8221;#e2e2e2&#8243; type=&#8221;normal&#8221; thickness=&#8221;1&#8243; up=&#8221;&#8221; down=&#8221;18&#8243;][vc_column_text css_animation=&#8221;bottom-to-top&#8221; css=&#8221;.vc_custom_1612255670057{margin-bottom: 20px !important;}&#8221;]<\/p>\n<p class=\"with-icon\"><i class=\"ion-ios-calculator-outline\"><\/i>G\u00f6nderiminize dayal\u0131 olarak projenizin maliyet tahmini<\/p>\n<p>[\/vc_column_text][vc_separator color=&#8221;#e2e2e2&#8243; type=&#8221;normal&#8221; thickness=&#8221;1&#8243; up=&#8221;&#8221; down=&#8221;18&#8243;][vc_column_text css_animation=&#8221;bottom-to-top&#8221; css=&#8221;.vc_custom_1612255699891{margin-bottom: 20px !important;}&#8221;]<\/p>\n<p class=\"with-icon\"><i class=\"ion-ios-person-outline\"><\/i> Gerekirse daha ince ayr\u0131nt\u0131lar\u0131 tart\u0131\u015fmak i\u00e7in y\u00fcz y\u00fcze toplant\u0131 imkan\u0131<\/p>\n<p>[\/vc_column_text][vc_separator color=&#8221;#e2e2e2&#8243; type=&#8221;normal&#8221; thickness=&#8221;1&#8243; up=&#8221;&#8221; down=&#8221;18&#8243;][vc_column_text css_animation=&#8221;bottom-to-top&#8221; css=&#8221;.vc_custom_1612255724515{margin-bottom: 20px !important;}&#8221;]<\/p>\n<p class=\"with-icon\"><i class=\"ion-ios-locked-outline\"><\/i>% 100 gizlilik garantilidir, bilgileriniz g\u00fcvende ve korunur<\/p>\n<p>[\/vc_column_text][\/vc_column][\/vc_row]<\/p>\n","protected":false},"excerpt":{"rendered":"<p>[vc_row type=&#8221;container&#8221; padding_top=&#8221;&#8221; padding_bottom=&#8221;&#8221; css=&#8221;.vc_custom_1451759148890{margin-top: 30px !important;margin-bottom: 60px !important;}&#8221;][vc_column width=&#8221;2\/3&#8243;][vc_column_text] Just fill out this quick form [\/vc_column_text][\/vc_column][vc_column width=&#8221;1\/3&#8243; el_class=&#8221;.pl-40&#8243;][vc_column_text] \u0130\u015f Plan\u0131 [\/vc_column_text][vc_separator color=&#8221;#e2e2e2&#8243; type=&#8221;normal&#8221; thickness=&#8221;1&#8243; up=&#8221;&#8221; down=&#8221;18&#8243;][vc_column_text css_animation=&#8221;bottom-to-top&#8221; css=&#8221;.vc_custom_1612255647853{margin-bottom: 20px !important;}&#8221;] \u0130\u015f dan\u0131\u015fmanlar\u0131m\u0131zdan birinden telefon g\u00f6r\u00fc\u015fmesi [\/vc_column_text][vc_separator color=&#8221;#e2e2e2&#8243; type=&#8221;normal&#8221; thickness=&#8221;1&#8243; up=&#8221;&#8221; down=&#8221;18&#8243;][vc_column_text css_animation=&#8221;bottom-to-top&#8221; css=&#8221;.vc_custom_1612255670057{margin-bottom: 20px !important;}&#8221;] G\u00f6nderiminize dayal\u0131 olarak projenizin maliyet tahmini [\/vc_column_text][vc_separator color=&#8221;#e2e2e2&#8243; type=&#8221;normal&#8221; [&hellip;]<\/p>\n","protected":false},"author":1,"featured_media":70784,"parent":0,"menu_order":0,"comment_status":"closed","ping_status":"closed","template":"page-full-width.php","meta":[],"yoast_head":"<!-- This site is optimized with the Yoast SEO plugin v15.5 - https:\/\/yoast.com\/wordpress\/plugins\/seo\/ -->\n<title>Teklif \u0130steyin ! - WATSO K\u0130MYA<\/title>\n<meta name=\"description\" content=\"Watso Kimya Kazan Kimyasallar\u0131,Kazan Temizleme Kimyasallar\u0131, Ters Osmoz Sistemleri,Re\u00e7ine,Karbon,Yumu\u015fatma Sistem Teklifleri\" \/>\n<meta name=\"robots\" content=\"index, follow, max-snippet:-1, max-image-preview:large, max-video-preview:-1\" \/>\n<link rel=\"canonical\" href=\"https:\/\/www.watsokimya.net\/index.php\/teklif-isteyin\/\" \/>\n<meta property=\"og:locale\" content=\"tr_TR\" \/>\n<meta property=\"og:type\" content=\"article\" \/>\n<meta property=\"og:title\" content=\"Teklif \u0130steyin ! - WATSO K\u0130MYA\" \/>\n<meta property=\"og:description\" content=\"Watso Kimya Kazan Kimyasallar\u0131,Kazan Temizleme Kimyasallar\u0131, Ters Osmoz Sistemleri,Re\u00e7ine,Karbon,Yumu\u015fatma Sistem Teklifleri\" \/>\n<meta property=\"og:url\" content=\"https:\/\/www.watsokimya.net\/index.php\/teklif-isteyin\/\" \/>\n<meta property=\"og:site_name\" content=\"WATSO K\u0130MYA\" \/>\n<meta property=\"article:modified_time\" content=\"2021-02-02T08:51:23+00:00\" \/>\n<meta name=\"twitter:card\" content=\"summary_large_image\" \/>\n<meta name=\"twitter:label1\" content=\"Tahmini okuma s\u00fcresi\">\n\t<meta name=\"twitter:data1\" content=\"1 dakika\">\n<script type=\"application\/ld+json\" class=\"yoast-schema-graph\">{\"@context\":\"https:\/\/schema.org\",\"@graph\":[{\"@type\":\"WebSite\",\"@id\":\"https:\/\/www.watsokimya.net\/#website\",\"url\":\"https:\/\/www.watsokimya.net\/\",\"name\":\"WATSO K\\u0130MYA\",\"description\":\"End&uuml;stri \\u0130&ccedil;in Verimlilik\",\"potentialAction\":[{\"@type\":\"SearchAction\",\"target\":\"https:\/\/www.watsokimya.net\/?s={search_term_string}\",\"query-input\":\"required name=search_term_string\"}],\"inLanguage\":\"tr\"},{\"@type\":\"ImageObject\",\"@id\":\"https:\/\/www.watsokimya.net\/index.php\/teklif-isteyin\/#primaryimage\",\"inLanguage\":\"tr\",\"url\":\"\"},{\"@type\":\"WebPage\",\"@id\":\"https:\/\/www.watsokimya.net\/index.php\/teklif-isteyin\/#webpage\",\"url\":\"https:\/\/www.watsokimya.net\/index.php\/teklif-isteyin\/\",\"name\":\"Teklif \\u0130steyin ! - WATSO K\\u0130MYA\",\"isPartOf\":{\"@id\":\"https:\/\/www.watsokimya.net\/#website\"},\"primaryImageOfPage\":{\"@id\":\"https:\/\/www.watsokimya.net\/index.php\/teklif-isteyin\/#primaryimage\"},\"datePublished\":\"2015-11-25T12:11:24+00:00\",\"dateModified\":\"2021-02-02T08:51:23+00:00\",\"description\":\"Watso Kimya Kazan Kimyasallar\\u0131,Kazan Temizleme Kimyasallar\\u0131, Ters Osmoz Sistemleri,Re\\u00e7ine,Karbon,Yumu\\u015fatma Sistem Teklifleri\",\"inLanguage\":\"tr\",\"potentialAction\":[{\"@type\":\"ReadAction\",\"target\":[\"https:\/\/www.watsokimya.net\/index.php\/teklif-isteyin\/\"]}]}]}<\/script>\n<!-- \/ Yoast SEO plugin. -->","_links":{"self":[{"href":"http:\/\/www.watsokimya.net\/index.php\/wp-json\/wp\/v2\/pages\/70741"}],"collection":[{"href":"http:\/\/www.watsokimya.net\/index.php\/wp-json\/wp\/v2\/pages"}],"about":[{"href":"http:\/\/www.watsokimya.net\/index.php\/wp-json\/wp\/v2\/types\/page"}],"author":[{"embeddable":true,"href":"http:\/\/www.watsokimya.net\/index.php\/wp-json\/wp\/v2\/users\/1"}],"replies":[{"embeddable":true,"href":"http:\/\/www.watsokimya.net\/index.php\/wp-json\/wp\/v2\/comments?post=70741"}],"version-history":[{"count":3,"href":"http:\/\/www.watsokimya.net\/index.php\/wp-json\/wp\/v2\/pages\/70741\/revisions"}],"predecessor-version":[{"id":71099,"href":"http:\/\/www.watsokimya.net\/index.php\/wp-json\/wp\/v2\/pages\/70741\/revisions\/71099"}],"wp:featuredmedia":[{"embeddable":true,"href":"http:\/\/www.watsokimya.net\/index.php\/wp-json\/wp\/v2\/media\/70784"}],"wp:attachment":[{"href":"http:\/\/www.watsokimya.net\/index.php\/wp-json\/wp\/v2\/media?parent=70741"}],"curies":[{"name":"wp","href":"https:\/\/api.w.org\/{rel}","templated":true}]}}