{"id":67,"date":"2015-10-07T17:11:24","date_gmt":"2015-10-07T17:11:24","guid":{"rendered":"http:\/\/broker.commercegurus.com\/?page_id=67"},"modified":"2021-01-11T09:29:16","modified_gmt":"2021-01-11T09:29:16","slug":"iletisim","status":"publish","type":"page","link":"http:\/\/www.watsokimya.net\/index.php\/iletisim\/","title":{"rendered":"\u0130leti\u015fim"},"content":{"rendered":"<p>[vc_row type=&#8221;container&#8221; padding_top=&#8221;&#8221; padding_bottom=&#8221;&#8221; css=&#8221;.vc_custom_1451776271409{margin-top: 50px !important;margin-bottom: 20px !important;}&#8221;][vc_column width=&#8221;1\/3&#8243;][vc_column_text css=&#8221;.vc_custom_1448384414672{margin-bottom: 0px !important;padding-top: 15px !important;padding-right: 20px !important;padding-bottom: 15px !important;padding-left: 20px !important;background-color: #edbd03 !important;}&#8221;]<span style=\"color: #000000;\"><i class=\"ion-social-twitter\"><\/i> \u00a0 <strong>Twitter<\/strong><\/span>[\/vc_column_text][vc_column_text css=&#8221;.vc_custom_1448385635444{padding-top: 18px !important;padding-right: 20px !important;padding-bottom: 25px !important;padding-left: 20px !important;background-color: #fdc900 !important;}&#8221;]<span style=\"color: #000000;\">Quick question? Tweet us, and we\u2019ll be sure to get right back to you. Twitter&#8217;s also a great way to stay up-to-date on Factory&#8217;s new product releases.<\/span><\/p>\n<p><strong><span style=\"color: #000000;\"><a style=\"color: #000000;\" href=\"#\">@commercegurus<\/a><\/span><\/strong>[\/vc_column_text][\/vc_column][vc_column width=&#8221;1\/3&#8243;][vc_column_text css=&#8221;.vc_custom_1448386070994{margin-bottom: 0px !important;padding-top: 15px !important;padding-right: 20px !important;padding-bottom: 15px !important;padding-left: 20px !important;background-color: #edbd03 !important;}&#8221;]<span style=\"color: #000000;\"><i class=\"ion-ios-email-outline\" style=\"font-size: 24px; position: relative; bottom: -3px;\"><\/i> \u00a0 <strong>Email Us<\/strong><\/span>[\/vc_column_text][vc_column_text css=&#8221;.vc_custom_1448385577270{padding-top: 18px !important;padding-right: 20px !important;padding-bottom: 25px !important;padding-left: 20px !important;background-color: #fdc900 !important;}&#8221;]<span style=\"color: #000000;\">If you have any questions about what we offer for consumers or for business, you can always email us directly or via the form below. We&#8217;ll reply within 24 hours.<\/span><\/p>\n<p><strong><span style=\"color: #000000;\"><a style=\"color: #000000;\" href=\"#\">hello@mysite.com<\/a><\/span><\/strong>[\/vc_column_text][\/vc_column][vc_column width=&#8221;1\/3&#8243;][vc_column_text css=&#8221;.vc_custom_1448386061617{margin-bottom: 0px !important;padding-top: 15px !important;padding-right: 20px !important;padding-bottom: 15px !important;padding-left: 20px !important;background-color: #edbd03 !important;}&#8221;]<span style=\"color: #000000;\"><i class=\"ion-ios-chatboxes-outline\" style=\"font-size: 24px; position: relative; bottom: -3px;\"><\/i> \u00a0 <strong>Call Us<\/strong><\/span>[\/vc_column_text][vc_column_text css=&#8221;.vc_custom_1448385968962{padding-top: 18px !important;padding-right: 20px !important;padding-bottom: 25px !important;padding-left: 20px !important;background-color: #fdc900 !important;}&#8221;]<span style=\"color: #000000;\">We\u2019re available by phone from 9AM to 5.30PM (GMT) Monday through Friday business hours if it\u2019s just easier to talk through the project you have in mind.<\/span><\/p>\n<p><strong><span style=\"color: #000000;\">+44 567 890123<\/span><\/strong>[\/vc_column_text][\/vc_column][\/vc_row][vc_row type=&#8221;container&#8221; padding_top=&#8221;&#8221; padding_bottom=&#8221;&#8221; css=&#8221;.vc_custom_1448451830391{margin-bottom: 15px !important;}&#8221;][vc_column][vc_separator color=&#8221;#eeeeee&#8221; type=&#8221;normal&#8221; thickness=&#8221;1&#8243; up=&#8221;&#8221; down=&#8221;&#8221; style=&#8221;&#8221; el_width=&#8221;&#8221;][\/vc_column][\/vc_row][vc_row type=&#8221;container&#8221; padding_top=&#8221;&#8221; padding_bottom=&#8221;&#8221; css=&#8221;.vc_custom_1451759375078{margin-bottom: 20px !important;}&#8221;][vc_column width=&#8221;1\/6&#8243;][\/vc_column][vc_column width=&#8221;2\/3&#8243;][vc_column_text]<\/p>\n<h3 style=\"text-align: center;\">Get in touch<\/h3>\n<p style=\"text-align: center;\">If you have any questions about the services we provide simply use the form below. We try and respond to all queries and comments within 24 hours.<\/p>\n<p>[\/vc_column_text][\/vc_column][vc_column width=&#8221;1\/6&#8243;][\/vc_column][\/vc_row][vc_row type=&#8221;container&#8221; padding_top=&#8221;&#8221; padding_bottom=&#8221;&#8221; css=&#8221;.vc_custom_1448452133315{margin-bottom: 0px !important;}&#8221;][vc_column css=&#8221;.vc_custom_1445110591475{margin-bottom: 35px !important;padding-right: 25px !important;}&#8221;]<div role=\"form\" class=\"wpcf7\" id=\"wpcf7-f70622-o1\" lang=\"en-US\" dir=\"ltr\">\n<div class=\"screen-reader-response\"><p role=\"status\" aria-live=\"polite\" aria-atomic=\"true\"><\/p> <ul><\/ul><\/div>\n<form action=\"\/index.php\/wp-json\/wp\/v2\/pages\/67#wpcf7-f70622-o1\" method=\"post\" class=\"wpcf7-form init\" novalidate=\"novalidate\" data-status=\"init\">\n<div style=\"display: none;\">\n<input type=\"hidden\" name=\"_wpcf7\" value=\"70622\" \/>\n<input type=\"hidden\" name=\"_wpcf7_version\" value=\"5.3.2\" \/>\n<input type=\"hidden\" name=\"_wpcf7_locale\" value=\"en_US\" \/>\n<input type=\"hidden\" name=\"_wpcf7_unit_tag\" value=\"wpcf7-f70622-o1\" \/>\n<input type=\"hidden\" name=\"_wpcf7_container_post\" value=\"0\" \/>\n<input type=\"hidden\" name=\"_wpcf7_posted_data_hash\" value=\"\" \/>\n<\/div>\n<div class=\"row\">\n<div class=\"col-lg-6 col-md-6\">\n<p>Ad\u0131n\u0131z <br \/>\n    <span class=\"wpcf7-form-control-wrap your-name\"><input type=\"text\" name=\"your-name\" value=\"\" size=\"40\" class=\"wpcf7-form-control wpcf7-text wpcf7-validates-as-required\" aria-required=\"true\" aria-invalid=\"false\" \/><\/span> <\/p>\n<p>Your Email (required)<br \/>\n    <span class=\"wpcf7-form-control-wrap your-email\"><input type=\"email\" name=\"your-email\" value=\"\" size=\"40\" class=\"wpcf7-form-control wpcf7-text wpcf7-email wpcf7-validates-as-required wpcf7-validates-as-email\" aria-required=\"true\" aria-invalid=\"false\" \/><\/span> <\/p>\n<p>Your Phone Number<br \/>\n<span class=\"wpcf7-form-control-wrap your-phone\"><input type=\"tel\" name=\"your-phone\" value=\"\" size=\"40\" class=\"wpcf7-form-control wpcf7-text wpcf7-tel wpcf7-validates-as-tel\" aria-invalid=\"false\" \/><\/span><\/p>\n<p>Company Name<br \/>\n    <span class=\"wpcf7-form-control-wrap company-name\"><input type=\"text\" name=\"company-name\" value=\"\" size=\"40\" class=\"wpcf7-form-control wpcf7-text\" aria-invalid=\"false\" \/><\/span> <\/p>\n<\/div>\n<div class=\"col-lg-6 col-md-6\">\n<p>Subject <span class=\"hint\">Let us know your topic of interest<\/span><br \/>\n    <span class=\"wpcf7-form-control-wrap your-subject\"><input type=\"text\" name=\"your-subject\" value=\"\" size=\"40\" class=\"wpcf7-form-control wpcf7-text\" aria-invalid=\"false\" \/><\/span> <\/p>\n<p>Your Message<br \/>\n    <span class=\"wpcf7-form-control-wrap your-message\"><textarea name=\"your-message\" cols=\"40\" rows=\"10\" class=\"wpcf7-form-control wpcf7-textarea\" aria-invalid=\"false\"><\/textarea><\/span> <\/p>\n<\/div>\n<\/div>\n<p><input type=\"submit\" value=\"Send\" class=\"wpcf7-form-control wpcf7-submit\" \/><\/p>\n<div class=\"wpcf7-response-output\" aria-hidden=\"true\"><\/div><\/form><\/div>[\/vc_column][\/vc_row]<\/p>\n","protected":false},"excerpt":{"rendered":"<p>[vc_row type=&#8221;container&#8221; padding_top=&#8221;&#8221; padding_bottom=&#8221;&#8221; css=&#8221;.vc_custom_1451776271409{margin-top: 50px !important;margin-bottom: 20px !important;}&#8221;][vc_column width=&#8221;1\/3&#8243;][vc_column_text css=&#8221;.vc_custom_1448384414672{margin-bottom: 0px !important;padding-top: 15px !important;padding-right: 20px !important;padding-bottom: 15px !important;padding-left: 20px !important;background-color: #edbd03 !important;}&#8221;] \u00a0 Twitter[\/vc_column_text][vc_column_text css=&#8221;.vc_custom_1448385635444{padding-top: 18px !important;padding-right: 20px !important;padding-bottom: 25px !important;padding-left: 20px !important;background-color: #fdc900 !important;}&#8221;]Quick question? Tweet us, and we\u2019ll be sure to get right back to you. Twitter&#8217;s also a great way to [&hellip;]<\/p>\n","protected":false},"author":1,"featured_media":70782,"parent":0,"menu_order":0,"comment_status":"closed","ping_status":"closed","template":"page-full-width.php","meta":[],"yoast_head":"<!-- This site is optimized with the Yoast SEO plugin v15.5 - https:\/\/yoast.com\/wordpress\/plugins\/seo\/ -->\n<title>\u0130leti\u015fim - WATSO K\u0130MYA<\/title>\n<meta name=\"robots\" content=\"index, follow, max-snippet:-1, max-image-preview:large, max-video-preview:-1\" \/>\n<link rel=\"canonical\" href=\"https:\/\/www.watsokimya.net\/index.php\/iletisim\/\" \/>\n<meta property=\"og:locale\" content=\"tr_TR\" \/>\n<meta property=\"og:type\" content=\"article\" \/>\n<meta property=\"og:title\" content=\"\u0130leti\u015fim - WATSO K\u0130MYA\" \/>\n<meta property=\"og:description\" content=\"[vc_row type=&#8221;container&#8221; padding_top=&#8221;&#8221; padding_bottom=&#8221;&#8221; css=&#8221;.vc_custom_1451776271409{margin-top: 50px !important;margin-bottom: 20px !important;}&#8221;][vc_column width=&#8221;1\/3&#8243;][vc_column_text css=&#8221;.vc_custom_1448384414672{margin-bottom: 0px !important;padding-top: 15px !important;padding-right: 20px !important;padding-bottom: 15px !important;padding-left: 20px !important;background-color: #edbd03 !important;}&#8221;] \u00a0 Twitter[\/vc_column_text][vc_column_text css=&#8221;.vc_custom_1448385635444{padding-top: 18px !important;padding-right: 20px !important;padding-bottom: 25px !important;padding-left: 20px !important;background-color: #fdc900 !important;}&#8221;]Quick question? Tweet us, and we\u2019ll be sure to get right back to you. Twitter&#8217;s also a great way to [&hellip;]\" \/>\n<meta property=\"og:url\" content=\"https:\/\/www.watsokimya.net\/index.php\/iletisim\/\" \/>\n<meta property=\"og:site_name\" content=\"WATSO K\u0130MYA\" \/>\n<meta property=\"article:modified_time\" content=\"2021-01-11T09:29:16+00:00\" \/>\n<meta name=\"twitter:card\" content=\"summary_large_image\" \/>\n<meta name=\"twitter:label1\" content=\"Tahmini okuma s\u00fcresi\">\n\t<meta name=\"twitter:data1\" content=\"2 dakika\">\n<script type=\"application\/ld+json\" class=\"yoast-schema-graph\">{\"@context\":\"https:\/\/schema.org\",\"@graph\":[{\"@type\":\"WebSite\",\"@id\":\"https:\/\/www.watsokimya.net\/#website\",\"url\":\"https:\/\/www.watsokimya.net\/\",\"name\":\"WATSO K\\u0130MYA\",\"description\":\"End&uuml;stri \\u0130&ccedil;in Verimlilik\",\"potentialAction\":[{\"@type\":\"SearchAction\",\"target\":\"https:\/\/www.watsokimya.net\/?s={search_term_string}\",\"query-input\":\"required name=search_term_string\"}],\"inLanguage\":\"tr\"},{\"@type\":\"ImageObject\",\"@id\":\"https:\/\/www.watsokimya.net\/index.php\/iletisim\/#primaryimage\",\"inLanguage\":\"tr\",\"url\":\"\"},{\"@type\":\"WebPage\",\"@id\":\"https:\/\/www.watsokimya.net\/index.php\/iletisim\/#webpage\",\"url\":\"https:\/\/www.watsokimya.net\/index.php\/iletisim\/\",\"name\":\"\\u0130leti\\u015fim - WATSO K\\u0130MYA\",\"isPartOf\":{\"@id\":\"https:\/\/www.watsokimya.net\/#website\"},\"primaryImageOfPage\":{\"@id\":\"https:\/\/www.watsokimya.net\/index.php\/iletisim\/#primaryimage\"},\"datePublished\":\"2015-10-07T17:11:24+00:00\",\"dateModified\":\"2021-01-11T09:29:16+00:00\",\"inLanguage\":\"tr\",\"potentialAction\":[{\"@type\":\"ReadAction\",\"target\":[\"https:\/\/www.watsokimya.net\/index.php\/iletisim\/\"]}]}]}<\/script>\n<!-- \/ Yoast SEO plugin. -->","_links":{"self":[{"href":"http:\/\/www.watsokimya.net\/index.php\/wp-json\/wp\/v2\/pages\/67"}],"collection":[{"href":"http:\/\/www.watsokimya.net\/index.php\/wp-json\/wp\/v2\/pages"}],"about":[{"href":"http:\/\/www.watsokimya.net\/index.php\/wp-json\/wp\/v2\/types\/page"}],"author":[{"embeddable":true,"href":"http:\/\/www.watsokimya.net\/index.php\/wp-json\/wp\/v2\/users\/1"}],"replies":[{"embeddable":true,"href":"http:\/\/www.watsokimya.net\/index.php\/wp-json\/wp\/v2\/comments?post=67"}],"version-history":[{"count":2,"href":"http:\/\/www.watsokimya.net\/index.php\/wp-json\/wp\/v2\/pages\/67\/revisions"}],"predecessor-version":[{"id":70926,"href":"http:\/\/www.watsokimya.net\/index.php\/wp-json\/wp\/v2\/pages\/67\/revisions\/70926"}],"wp:featuredmedia":[{"embeddable":true,"href":"http:\/\/www.watsokimya.net\/index.php\/wp-json\/wp\/v2\/media\/70782"}],"wp:attachment":[{"href":"http:\/\/www.watsokimya.net\/index.php\/wp-json\/wp\/v2\/media?parent=67"}],"curies":[{"name":"wp","href":"https:\/\/api.w.org\/{rel}","templated":true}]}}